{"id":34,"date":"2011-01-01T00:00:01","date_gmt":"2011-01-01T00:00:01","guid":{"rendered":"http:\/\/www.it-concepte.de\/wordpress\/?page_id=34"},"modified":"2017-04-20T13:06:26","modified_gmt":"2017-04-20T13:06:26","slug":"itc-handel","status":"publish","type":"page","link":"http:\/\/www.it-concepte.de\/wordpress\/?page_id=34","title":{"rendered":"ITC-Office Handel\/Handwerk"},"content":{"rendered":"<div style=\"width: 100%;\">\n<div id=\"officebox1\">\n    <img loading=\"lazy\" width=\"300\" height=\"111\" class=\"alignnone size-medium wp-image-263\" src=\"http:\/\/www.it-concepte.de\/wordpress\/wp-content\/uploads\/2017\/04\/itclogo-300x111.png\" style=\"float: left; margin-right: 2%;\" alt=\"\" srcset=\"http:\/\/www.it-concepte.de\/wordpress\/wp-content\/uploads\/2017\/04\/itclogo-300x111.png 300w, http:\/\/www.it-concepte.de\/wordpress\/wp-content\/uploads\/2017\/04\/itclogo-150x55.png 150w, http:\/\/www.it-concepte.de\/wordpress\/wp-content\/uploads\/2017\/04\/itclogo.png 350w\" sizes=\"(max-width: 300px) 100vw, 300px\" \/>\n  <\/div>\n<div id=\"officebox2\">\n<ul>\n<li>Die perfekt L\u00f6sung f\u00fcr Handel, Handwerk und Dienstleister\n<li>Als Handelsl\u00f6sung ideal f\u00fcr kleine bis mittelst\u00e4ndige Betriebe\n<li>Auch f\u00fcr Dienstleister gibt es die passende L\u00f6sung von ITC-Office\n<li>Anpassungen f\u00fcr fast alle Handwerkszweige\n    <\/ul>\n<\/p><\/div>\n<div id=\"officebox3\">\n    Und sollten f\u00fcr Ihr Unternehmen spezielle Anpassungen n\u00f6tig sein, dann werden diese schnell, unkompliziert und kosteng\u00fcnstig realisiert.<br \/>\n    Die unten aufgef\u00fchrten Module sind z.T. separat erh\u00e4ltlich<br \/>\n    ITC-Handel ist modular aufgebaut und besteht aus einer Grundversion mit umfangreicher Funktionalit\u00e4t sowie verschiedenen Modulen, die in Abh\u00e4ngigkeit von den betrieblichen Anforderungen<br \/>\n    dazu erworben werden k\u00f6nnen.<\/p>\n<p>    <a href=\"http:\/\/www.it-concepte.de\/wordpress\/?page_id=16\" target=\"_self\">[Zur\u00fcck zu Produkt-\u00dcbersicht]<\/a>\n  <\/div>\n<div style=\"padding-top: 15%;\">\n    [TABS_R id=297]\n  <\/div>\n","protected":false},"excerpt":{"rendered":"<p>Die perfekt L\u00f6sung f\u00fcr Handel, Handwerk und Dienstleister Als Handelsl\u00f6sung ideal f\u00fcr kleine bis mittelst\u00e4ndige Betriebe Auch f\u00fcr Dienstleister gibt es die passende L\u00f6sung von ITC-Office Anpassungen f\u00fcr fast alle&hellip;<\/p>\n","protected":false},"author":1,"featured_media":0,"parent":0,"menu_order":11,"comment_status":"closed","ping_status":"closed","template":"","meta":[],"_links":{"self":[{"href":"http:\/\/www.it-concepte.de\/wordpress\/index.php?rest_route=\/wp\/v2\/pages\/34"}],"collection":[{"href":"http:\/\/www.it-concepte.de\/wordpress\/index.php?rest_route=\/wp\/v2\/pages"}],"about":[{"href":"http:\/\/www.it-concepte.de\/wordpress\/index.php?rest_route=\/wp\/v2\/types\/page"}],"author":[{"embeddable":true,"href":"http:\/\/www.it-concepte.de\/wordpress\/index.php?rest_route=\/wp\/v2\/users\/1"}],"replies":[{"embeddable":true,"href":"http:\/\/www.it-concepte.de\/wordpress\/index.php?rest_route=%2Fwp%2Fv2%2Fcomments&post=34"}],"version-history":[{"count":48,"href":"http:\/\/www.it-concepte.de\/wordpress\/index.php?rest_route=\/wp\/v2\/pages\/34\/revisions"}],"predecessor-version":[{"id":332,"href":"http:\/\/www.it-concepte.de\/wordpress\/index.php?rest_route=\/wp\/v2\/pages\/34\/revisions\/332"}],"wp:attachment":[{"href":"http:\/\/www.it-concepte.de\/wordpress\/index.php?rest_route=%2Fwp%2Fv2%2Fmedia&parent=34"}],"curies":[{"name":"wp","href":"https:\/\/api.w.org\/{rel}","templated":true}]}}