{"id":27,"date":"2011-01-01T00:00:01","date_gmt":"2011-01-01T00:00:01","guid":{"rendered":"http:\/\/www.it-concepte.de\/wordpress\/?page_id=27"},"modified":"2019-04-25T11:29:02","modified_gmt":"2019-04-25T11:29:02","slug":"logo-bike","status":"publish","type":"page","link":"http:\/\/www.it-concepte.de\/wordpress\/?page_id=27","title":{"rendered":"BikeTrade"},"content":{"rendered":"<div style=\"width: 100%;\">\n<div id=\"officebox1\"><img class=\"alignnone size-medium wp-image-263\" style=\"float: left; margin-right: 2%;\" src=\"http:\/\/www.it-concepte.de\/wordpress\/wp-content\/uploads\/2017\/04\/itclogo-1.png\" alt=\"\" \/><\/div>\n<p>\u00a0<\/p>\n<div style=\"width: 70%;\"><strong>BikeTrade<\/strong> ist eine ausgereifte Warenwirtschaft, welche allen Anspr\u00fcchen eines modern gef\u00fchrten Zweiradgesch\u00e4fts gen\u00fcgt. Ob automatisches Onlinebestellsystem, direkte Verf\u00fcgbarkeitsabfrage bei g\u00e4ngigen Gro\u00dfh\u00e4ndlern, Kundenbenachrichtigung per SMS oder E-Mail, St\u00fccklistenverwaltung, \u00fcbersichtliches Kassensystem, Filialtauglichkeit EchtzeitanbindunganeinenWebshop, Dokumentenmanagement oder Rahmennummern-Verwaltung, mit <strong>BikeTrade<\/strong> erhalten Sie ein Instrument nach neuestem IT-Standard.<\/div>\n<p>\u00a0<\/p>\n<div style=\"margin-top: 2%;\"><strong>Historie:<\/strong><br \/><strong>BikeTrade<\/strong> enstand aus der Warenwirtschaft Velo-Office, welche zwar ein umfassendes Instrument f\u00fcr den Fahrradhandel war,<br \/>aber auf Grund von Programmstrukturen ab einem gewissen Punkt nicht mehr bzw. nur noch schwer erweiterbar war.<br \/>Es galt, ein System zu schaffen, welches auf den bew\u00e4hrten Strukturen aufbaute, jedoch die M\u00f6glichkeiten neuer IT-Technologien zu nutzen.<br \/>Mit <strong>BikeTrade<\/strong> ist dies in Perfektion gelungen. Ein System, welches gewohnte, stabile Arbeitsmasken darstellt, jedoch<br \/>innerhalb dieser mit modernen Browsern und Techniken arbeitet. Die generelle Umstellung auf MySql-Datenbanken macht <strong>BikeTrade<\/strong><br \/>zu einem offenen System, auf welches auch mit Programmiersprachen wie php, perl etc. zugegriffen werden kann und somit eine nahezu<br \/>grenzenlose Erweiterbarkeit gegeben ist.<\/div>\n<p>Zus\u00e4tzlich zu den Standard-Funktionen, wie sie schon in &gt;&gt; ITC-Office &lt;&lt; vorhanden sind, bieten sich dem Zweiradh\u00e4ndler folgende Funktionen:<\/p>\n<div style=\"width: 30%; float: left;\">\n<p>\u00a0<\/p>\n<p>\u00a0<\/p>\n<ul>\n<li style=\"list-style-type: none;\">\n<ul>\n<li>Rahmennummern-Verwaltung<\/li>\n<li>Zusammenstellen und Verkauf von Sets<\/li>\n<li>Direkte Online-Bestellanbindung an Winora\/Wiener Bike-Parts<\/li>\n<li>Webshopanbindung<\/li>\n<li>Kunden-SMS-Benachrichtigung<\/li>\n<li>Arbeitswerte-Verwaltung und Kalkulation<\/li>\n<li>Integrierte PC-Ladenkasse<\/li>\n<li>Terminverawltung f\u00fcr Inspektionen<br \/><br \/><\/li>\n<\/ul>\n<\/li>\n<\/ul>\n<p>\u00a0<\/p>\n<p>\u00a0<\/p>\n<\/div>\n<p>\u00a0<\/p>\n<div style=\"width: 45%; float: left;\">\n<p>\u00a0<\/p>\n<p>\u00a0<\/p>\n<ul>\n<li style=\"list-style-type: none;\">\n<ul>\n<li>Gr\u00f6\u00dfen- und Farbverwaltung (Varianten)<\/li>\n<li>Einpflegen von Lieferanten-Artikellisten<\/li>\n<li>Fernwartungs-Software incl.<\/li>\n<li>Automatismen zum Ausdruck von Rechnungen, Werkstattauftr\u00e4gen zu bestimmten Zeiten individuell einstellbar.<\/li>\n<li>Drucken von Abholscheinen mit Barcode f\u00fcr den Kunden sowie Auftragsbest\u00e4tigung mit allen relevanten Daten und Abholtermin<\/li>\n<li>Anlage und Pflege von Gutscheinen mit Teileinl\u00f6sungen<\/li>\n<\/ul>\n<\/li>\n<\/ul>\n<p>\u00a0<\/p>\n<p>\u00a0<\/p>\n<\/div>\n<\/div>\n\n\n<p><a href=\"http:\/\/www.it-concepte.de\/wordpress\/?page_id=16\">[Zur\u00fcck zu Produkt-\u00dcbersicht]<\/a><\/p>\n","protected":false},"excerpt":{"rendered":"<p>\u00a0 BikeTrade ist eine ausgereifte Warenwirtschaft, welche allen Anspr\u00fcchen eines modern gef\u00fchrten Zweiradgesch\u00e4fts gen\u00fcgt. Ob automatisches Onlinebestellsystem, direkte Verf\u00fcgbarkeitsabfrage bei g\u00e4ngigen Gro\u00dfh\u00e4ndlern, Kundenbenachrichtigung per SMS oder E-Mail, St\u00fccklistenverwaltung, \u00fcbersichtliches Kassensystem,&hellip;<\/p>\n","protected":false},"author":1,"featured_media":264,"parent":0,"menu_order":1,"comment_status":"closed","ping_status":"closed","template":"","meta":[],"_links":{"self":[{"href":"http:\/\/www.it-concepte.de\/wordpress\/index.php?rest_route=\/wp\/v2\/pages\/27"}],"collection":[{"href":"http:\/\/www.it-concepte.de\/wordpress\/index.php?rest_route=\/wp\/v2\/pages"}],"about":[{"href":"http:\/\/www.it-concepte.de\/wordpress\/index.php?rest_route=\/wp\/v2\/types\/page"}],"author":[{"embeddable":true,"href":"http:\/\/www.it-concepte.de\/wordpress\/index.php?rest_route=\/wp\/v2\/users\/1"}],"replies":[{"embeddable":true,"href":"http:\/\/www.it-concepte.de\/wordpress\/index.php?rest_route=%2Fwp%2Fv2%2Fcomments&post=27"}],"version-history":[{"count":15,"href":"http:\/\/www.it-concepte.de\/wordpress\/index.php?rest_route=\/wp\/v2\/pages\/27\/revisions"}],"predecessor-version":[{"id":505,"href":"http:\/\/www.it-concepte.de\/wordpress\/index.php?rest_route=\/wp\/v2\/pages\/27\/revisions\/505"}],"wp:featuredmedia":[{"embeddable":true,"href":"http:\/\/www.it-concepte.de\/wordpress\/index.php?rest_route=\/wp\/v2\/media\/264"}],"wp:attachment":[{"href":"http:\/\/www.it-concepte.de\/wordpress\/index.php?rest_route=%2Fwp%2Fv2%2Fmedia&parent=27"}],"curies":[{"name":"wp","href":"https:\/\/api.w.org\/{rel}","templated":true}]}}