{"id":16,"date":"2011-01-01T00:00:01","date_gmt":"2011-01-01T00:00:01","guid":{"rendered":"http:\/\/www.it-concepte.de\/wordpress\/?page_id=16"},"modified":"2024-08-28T05:45:13","modified_gmt":"2024-08-28T05:45:13","slug":"produkte1","status":"publish","type":"page","link":"http:\/\/www.it-concepte.de\/wordpress\/?page_id=16","title":{"rendered":"Unsere Produkte &#8211; Ihr Vorteil"},"content":{"rendered":"\n<p><strong>Jetzt alle Kassenmodule mit TSE-Anbindung<\/strong><\/p>\n\n\n\n<h2><\/h2>\n\n\n<div style=\"width: 100%;\">\n<div id=\"box1\">\n<div style=\"background-color: #838383; padding-left: 1%;\">ITC-Office<\/div>\n<p><img loading=\"lazy\" class=\"  wp-image-12\" style=\"vertical-align: top; margin: 5px; float: left; padding-top: 2%;\" title=\"itc-office\" src=\"http:\/\/www.it-concepte.de\/wordpress\/wp-content\/uploads\/2019\/02\/itc_office.jpg\" alt=\"itc-office\" width=\"478\" height=\"334\" border=\"0\" \/><\/p>\n<p style=\"font-size: 1.0em; line-height: 1.4; padding: 1%; padding-bottom: 13%;\">Mit <strong>ITC-Office<\/strong> erwerben Sie ein m\u00e4chtiges Hilfsmittel f\u00fcr Ihr Unternehmen. Das alle Gesch\u00e4fts-Vorf\u00e4lle umfassende ERP-System erhalten Sie in verschiedenen Versionen. Es bietet der kleinen H\u00e4ndler bis hin zum mittelst\u00e4ndigen Produktionsunternehmen alles, was eine innovative Warenwirtschaft ben\u00f6tigt.<br \/>Vom Angebotswesen \u00fcber Rechnungsstellung und Mahnwesen, Artikel- \/St\u00fccklistenverwaltung, Mitarbeiter-\/ Arbeitszeit-\/Provisionsverwaltung, Einkauf und Bestellwesen, POS-System und eine gro\u00dfe Auswahl an noch individuell anpassbarer Statistiken. Mit <strong>ITC-Office<\/strong> erwerben Sie nur das, was Sie ben\u00f6tigen, dank der modularen Struktur.<\/p>\n<p style=\"background-color: #838383; text-align: center;\"><a style=\"color: #fff;\" href=\"http:\/\/www.it-concepte.de\/wordpress\/?page_id=34\">DETAILS<\/a><\/p>\n<\/div>\n<div id=\"box2\">\n<div style=\"background-color: #838383; padding-left: 1%;\">BikeTrade<\/div>\n<p><img loading=\"lazy\" class=\"  wp-image-13\" style=\"vertical-align: top; margin: 5px; float: left; padding-top: 2%;\" title=\"logobike\" src=\"http:\/\/www.it-concepte.de\/wordpress\/wp-content\/uploads\/2019\/02\/biketrade.jpg\" alt=\"logobike\" width=\"435\" height=\"307\" border=\"0\" \/><\/p>\n<p style=\"font-size: 1.0em; line-height: 1.4; padding: 1%; padding-bottom: 2%;\"><strong>BikeTrade<\/strong> ist unsere ausgereifte L\u00f6sung f\u00fcr den Zweiradhandel. In jahrelangen Anpassungen, vorangetrieben durch die Werkst\u00e4tten und H\u00e4ndler, entstand eine L\u00f6sung von Profis f\u00fcr Profis. Neben allen g\u00e4ngigen Modulen, die eine moderne Warenwirtschaft umfasst, verf\u00fcgt das System Schnittstellen zu den gro\u00dfen Herstellern bzw. Distributoren per VeloConnect sowie auf Wunsch eine direkte Anbindung an einen Webshop. Eine integrierte Kundenbenachrichtigung per SMS sowie ein Arbeitswerte-Verwaltung, Rahmennummern-Verwaltung und Online-Bestellsystem zu Lieferanten sind ebenfalls enthalten. Individuelle Anpassungen sind trotzdem f\u00fcr jeden Kunden individuell leicht realisierbar.<\/p>\n<p style=\"background-color: #838383; text-align: center;\"><a style=\"color: #fff;\" href=\"http:\/\/www.it-concepte.de\/wordpress\/?page_id=27\">DETAILS<\/a><\/p>\n<\/div>\n<div id=\"box3\">\n<div style=\"background-color: #838383; padding-left: 1%;\">BeautyLine<\/div>\n<p><img loading=\"lazy\" class=\"  wp-image-15\" style=\"vertical-align: top; margin: 5px; float: left; padding-top: 2%;\" title=\"BeautyLine\" src=\"http:\/\/www.it-concepte.de\/wordpress\/wp-content\/uploads\/2019\/02\/beautyline.jpg\" alt=\"BeautyLine\" width=\"364\" height=\"258\" border=\"0\" \/><\/p>\n<p style=\"font-size: 1.0em; line-height: 1.4; padding: 1%; padding-bottom: 3%;\">Wie alle unsere branchenspezifischen L\u00f6sung entstand auch die <strong>&#8222;BeautyLine&#8220;<\/strong> aus der Praxis heraus. Wenn Sie mit dieser Software durchstarten, haben Sie sofort die Produktpalette aller f\u00fchrenden Hersteller f\u00fcr Beautyfarmen und Sch\u00f6nheitschirurgie in Ihrem System. Getrennte Mandanten f\u00fcr Sch\u00f6nheitssalon und Praxis geh\u00f6ren zum Standard. Umfangreiche Auswertungen, ein Kassenmodul, Provisionsabrechnungen f\u00fcr Mitarbeiter und vieles mehr runden diese Branchenl\u00f6sung ab.<br \/>Benachrichtigungen per SMS und viele weitere kleinere Features runden dieses Programm ab. Automatische Datensicherung sowie GodB-konformes Erstellen von allen Rechnungen und Kassenbons geh\u00f6ren ebenfalls zum Standard.<\/p>\n<p style=\"background-color: #838383; text-align: center;\"><a style=\"color: #fff;\" href=\"http:\/\/www.it-concepte.de\/wordpress\/?page_id=38\">DETAILS<\/a><\/p>\n<\/div>\n<div id=\"box3\" style=\"line-height: 2.1;\">\n<div style=\"background-color: #838383; padding-left: 1%;\">GreenLine<\/div>\n<p><img loading=\"lazy\" class=\"  wp-image-15\" style=\"vertical-align: top; margin: 5px; float: left; padding-top: 2%;\" title=\"GreenLine\" src=\"http:\/\/www.it-concepte.de\/wordpress\/wp-content\/uploads\/2019\/02\/greenline.jpg\" alt=\"GreenLine\" width=\"412\" height=\"291\" border=\"0\" \/><\/p>\n<p style=\"font-size: 1.0em; line-height: 1.4; padding: 1%; padding-bottom: 0%;\">Mit <strong>ITC-GreenLine<\/strong> steht dem Hofladenbetreiber \/ Selbstvermarkter eine weitere, auf dessen speziellen Bed\u00fcrfnisse zugeschnittene ERP-Software zur Verf\u00fcgung.<br \/>Vom Verwalten von 3 MwSt.-S\u00e4tzen \u00fcber Tara-Bon-Ausgabe f\u00fcr Selbstpfl\u00fccker bis hin zu einer umfangreichen Gutscheinverwaltung bietet <strong>ITC-GreenLine<\/strong> dem landwirtschaftlichen Betrieb eine gro\u00dfe Hilfe bei der t\u00e4glichen Arbeit.<br \/>Bis zu 5 Kassen k\u00f6nnen \u00fcber das System verwaltet werden, Waagenanbindung und Touchscreen-Monitore werden dabei voll umf\u00e4nglich unterst\u00fctzt.<br \/>\u00dcbersichtliche Verwaltung der Tagespreise \u00fcber ein integriertes Modul setzt alle relevanten Tagespreise inkl. Rabattierung.<\/p>\n<p style=\"background-color: #838383; text-align: center;\"><a style=\"color: #fff;\" href=\"http:\/\/www.it-concepte.de\/wordpress\/?page_id=30\">DETAILS<\/a><\/p>\n<\/div>\n<\/div>","protected":false},"excerpt":{"rendered":"<p>Jetzt alle Kassenmodule mit TSE-Anbindung ITC-Office Mit ITC-Office erwerben Sie ein m\u00e4chtiges Hilfsmittel f\u00fcr Ihr Unternehmen. Das alle Gesch\u00e4fts-Vorf\u00e4lle umfassende ERP-System erhalten Sie in verschiedenen Versionen. Es bietet der kleinen&hellip;<\/p>\n","protected":false},"author":1,"featured_media":0,"parent":0,"menu_order":6,"comment_status":"closed","ping_status":"closed","template":"","meta":[],"_links":{"self":[{"href":"http:\/\/www.it-concepte.de\/wordpress\/index.php?rest_route=\/wp\/v2\/pages\/16"}],"collection":[{"href":"http:\/\/www.it-concepte.de\/wordpress\/index.php?rest_route=\/wp\/v2\/pages"}],"about":[{"href":"http:\/\/www.it-concepte.de\/wordpress\/index.php?rest_route=\/wp\/v2\/types\/page"}],"author":[{"embeddable":true,"href":"http:\/\/www.it-concepte.de\/wordpress\/index.php?rest_route=\/wp\/v2\/users\/1"}],"replies":[{"embeddable":true,"href":"http:\/\/www.it-concepte.de\/wordpress\/index.php?rest_route=%2Fwp%2Fv2%2Fcomments&post=16"}],"version-history":[{"count":154,"href":"http:\/\/www.it-concepte.de\/wordpress\/index.php?rest_route=\/wp\/v2\/pages\/16\/revisions"}],"predecessor-version":[{"id":616,"href":"http:\/\/www.it-concepte.de\/wordpress\/index.php?rest_route=\/wp\/v2\/pages\/16\/revisions\/616"}],"wp:attachment":[{"href":"http:\/\/www.it-concepte.de\/wordpress\/index.php?rest_route=%2Fwp%2Fv2%2Fmedia&parent=16"}],"curies":[{"name":"wp","href":"https:\/\/api.w.org\/{rel}","templated":true}]}}